{"id":27354,"date":"2024-06-17T09:03:44","date_gmt":"2024-06-17T07:03:44","guid":{"rendered":"https:\/\/freewalkingtoursalzburg.com\/resenas\/"},"modified":"2024-06-17T09:03:44","modified_gmt":"2024-06-17T07:03:44","slug":"resenas","status":"publish","type":"page","link":"https:\/\/freewalkingtoursalzburg.com\/es\/resenas\/","title":{"rendered":"Rese\u00f1as"},"content":{"rendered":"<style>.kb-row-layout-id25344_ed379f-85 > .kt-row-column-wrap{align-content:start;}:where(.kb-row-layout-id25344_ed379f-85 > .kt-row-column-wrap) > .wp-block-kadence-column{justify-content:start;}.kb-row-layout-id25344_ed379f-85 > .kt-row-column-wrap{column-gap:var(--global-kb-gap-md, 2rem);row-gap:var(--global-kb-gap-md, 2rem);max-width:900px;margin-left:auto;margin-right:auto;padding-top:var(--global-kb-spacing-sm, 1.5rem);padding-bottom:var(--global-kb-spacing-sm, 1.5rem);grid-template-columns:minmax(0, 1fr);}.kb-row-layout-id25344_ed379f-85 > .kt-row-layout-overlay{opacity:0.30;}@media all and (max-width: 1024px){.kb-row-layout-id25344_ed379f-85 > .kt-row-column-wrap{grid-template-columns:minmax(0, 1fr);}}@media all and (max-width: 767px){.kb-row-layout-id25344_ed379f-85 > .kt-row-column-wrap{grid-template-columns:minmax(0, 1fr);}}<\/style><div class=\"kb-row-layout-wrap kb-row-layout-id25344_ed379f-85 aligncenter has-theme-palette8-background-color kt-row-has-bg wp-block-kadence-rowlayout\"><div class=\"kt-row-column-wrap kt-has-1-columns kt-row-layout-equal kt-tab-layout-inherit kt-mobile-layout-row kt-row-valign-top\">\n<style>.kadence-column25344_754046-3d > .kt-inside-inner-col,.kadence-column25344_754046-3d > .kt-inside-inner-col:before{border-top-left-radius:0px;border-top-right-radius:0px;border-bottom-right-radius:0px;border-bottom-left-radius:0px;}.kadence-column25344_754046-3d > .kt-inside-inner-col{column-gap:var(--global-kb-gap-sm, 1rem);}.kadence-column25344_754046-3d > .kt-inside-inner-col{flex-direction:column;}.kadence-column25344_754046-3d > .kt-inside-inner-col > .aligncenter{width:100%;}.kadence-column25344_754046-3d > .kt-inside-inner-col:before{opacity:0.3;}.kadence-column25344_754046-3d{text-align:left;}.kadence-column25344_754046-3d{position:relative;}@media all and (max-width: 1024px){.kadence-column25344_754046-3d > .kt-inside-inner-col{flex-direction:column;justify-content:center;}}@media all and (max-width: 767px){.kadence-column25344_754046-3d > .kt-inside-inner-col{flex-direction:column;justify-content:center;}}<\/style>\n<div class=\"wp-block-kadence-column kadence-column25344_754046-3d kb-section-dir-vertical\"><div class=\"kt-inside-inner-col\"><style>.wp-block-kadence-advancedheading.kt-adv-heading25344_fe4669-8e, .wp-block-kadence-advancedheading.kt-adv-heading25344_fe4669-8e[data-kb-block=\"kb-adv-heading25344_fe4669-8e\"]{font-style:normal;}.wp-block-kadence-advancedheading.kt-adv-heading25344_fe4669-8e mark.kt-highlight, .wp-block-kadence-advancedheading.kt-adv-heading25344_fe4669-8e[data-kb-block=\"kb-adv-heading25344_fe4669-8e\"] mark.kt-highlight{font-style:normal;color:#f76a0c;-webkit-box-decoration-break:clone;box-decoration-break:clone;padding-top:0px;padding-right:0px;padding-bottom:0px;padding-left:0px;}.wp-block-kadence-advancedheading.kt-adv-heading25344_fe4669-8e img.kb-inline-image, .wp-block-kadence-advancedheading.kt-adv-heading25344_fe4669-8e[data-kb-block=\"kb-adv-heading25344_fe4669-8e\"] img.kb-inline-image{width:150px;vertical-align:baseline;}<\/style>\n<h1 class=\"kt-adv-heading25344_fe4669-8e wp-block-kadence-advancedheading\" data-kb-block=\"kb-adv-heading25344_fe4669-8e\">Leer comentarios<\/h1>\n\n\n\n<p>Comprueba lo que dicen los viajeros sobre nuestros Recorridos a pie gratuitos en <a href=\"https:\/\/maps.app.goo.gl\/66VJzpmiGAi68Yqt5\" target=\"_blank\" rel=\"noreferrer noopener\">Google Maps<\/a> y <a href=\"https:\/\/www.tripadvisor.at\/Attraction_Review-g190441-d17476885-Reviews-Free_Walking_Tour_Salzburg-Salzburg_Austrian_Alps.html\" target=\"_blank\" rel=\"noreferrer noopener\">TripAdvisor<\/a>. Conoce sus experiencias y descubre por qu\u00e9 nuestros recorridos son los favoritos de los visitantes de Salzburgo. Tu opini\u00f3n nos importa: deja tu propia rese\u00f1a si has disfrutado de un recorrido con nosotros y ay\u00fadanos a crecer y a que tus compa\u00f1eros de viaje descubran lo mejor de nuestra ciudad. \u00a1Te lo agradecemos!<\/p>\n\n\n<style>.wp-block-kadence-advancedheading.kt-adv-heading25344_0a83f9-be, .wp-block-kadence-advancedheading.kt-adv-heading25344_0a83f9-be[data-kb-block=\"kb-adv-heading25344_0a83f9-be\"]{text-align:left;font-style:normal;}.wp-block-kadence-advancedheading.kt-adv-heading25344_0a83f9-be mark.kt-highlight, .wp-block-kadence-advancedheading.kt-adv-heading25344_0a83f9-be[data-kb-block=\"kb-adv-heading25344_0a83f9-be\"] mark.kt-highlight{font-style:normal;color:#f76a0c;-webkit-box-decoration-break:clone;box-decoration-break:clone;padding-top:0px;padding-right:0px;padding-bottom:0px;padding-left:0px;}.wp-block-kadence-advancedheading.kt-adv-heading25344_0a83f9-be img.kb-inline-image, .wp-block-kadence-advancedheading.kt-adv-heading25344_0a83f9-be[data-kb-block=\"kb-adv-heading25344_0a83f9-be\"] img.kb-inline-image{width:150px;vertical-align:baseline;}<\/style>\n<h2 class=\"kt-adv-heading25344_0a83f9-be wp-block-kadence-advancedheading\" data-kb-block=\"kb-adv-heading25344_0a83f9-be\">Lo que otros dicen de nosotros:<\/h2>\n\n\n\n<div id=\"wid_1701111895037\"><\/div>\n<script>\nsc = document.createElement(\"script\");\nsc.setAttribute(\"defer\",true);\nsc.setAttribute(\"src\",\"https:\/\/dbwx2z9xa7qt9.cloudfront.net\/bundle.js?cachebust=1701111895037\");\nsc.setAttribute(\"theme\",\"light\");\nsc.setAttribute(\"footer\", \"false\"); \nsc.setAttribute(\"widget-type\",\"feed\");\nsc.setAttribute(\"token\",\"638b2aaa654586a27e2dd486\");\nsc.setAttribute('apiurl', \"https:\/\/server.onlinereviews.tech\/api\/v0.0.9\");\nsc.setAttribute('stats',\"true\");\nsc.setAttribute('addReview',\"false\");\nsc.setAttribute('profile-pic',\"true\");\nsc.setAttribute('review-name',\"true\");\nsc.setAttribute('wl', \"false\");\nsc.setAttribute('wlndig', \"https:\/\/go.climbo.com\/freewalkingtoursalzburg.com\");\nsc.setAttribute('lang', \"us\");\nsc.setAttribute('brandStyle', \"%7B%22sidebar_background%22%3A%22%23000000%22%2C%22sidebar_text%22%3A%22white%22%2C%22brand_button_text_color%22%3A%22white%22%2C%22brand_main_color%22%3A%22%23676767%22%2C%22brand_button_border_radius%22%3A%2216px%22%2C%22brand_button_hover%22%3A%22rgb(118%2C%20118%2C%20118)%22%2C%22brand_button_active%22%3A%22rgb(88%2C%2088%2C%2088)%22%2C%22brand_main_color_opacity%22%3A%22%236767671a%22%2C%22brand_font%22%3A%22Montserrat%22%2C%22star_color%22%3A%22%23128c7e%22%2C%22brand_main_background%22%3A%22%23FBF8F6%22%2C%22brand_card_background%22%3A%22white%22%2C%22poweredByLink%22%3A%22https%3A%2F%2Fclimbo.com%22%2C%22poweredicon%22%3A%22https%3A%2F%2Frecensioni-io-static-folder.s3.eu-central-1.amazonaws.com%2Fpublic_onlinereviews%2Fimages%2Flogo.png%22%7D\");\ndocument.getElementById(\"wid_1701111895037\").appendChild(sc);\n<\/script>\n<\/div><\/div>\n\n<\/div><\/div>","protected":false},"excerpt":{"rendered":"<p>Leer comentarios Comprueba lo que dicen los viajeros sobre nuestros Recorridos a pie gratuitos en Google Maps y TripAdvisor. Conoce sus experiencias y descubre por qu\u00e9 nuestros recorridos son los favoritos de los visitantes de Salzburgo. Tu opini\u00f3n nos importa: deja tu propia rese\u00f1a si has disfrutado de un recorrido con nosotros y ay\u00fadanos a&#8230;<\/p>\n","protected":false},"author":1,"featured_media":0,"parent":0,"menu_order":0,"comment_status":"closed","ping_status":"closed","template":"","meta":{"_kad_blocks_custom_css":"","_kad_blocks_head_custom_js":"","_kad_blocks_body_custom_js":"","_kad_blocks_footer_custom_js":"","_kad_post_transparent":"","_kad_post_title":"","_kad_post_layout":"","_kad_post_sidebar_id":"","_kad_post_content_style":"","_kad_post_vertical_padding":"","_kad_post_feature":"","_kad_post_feature_position":"","_kad_post_header":false,"_kad_post_footer":false,"_kad_post_classname":"","footnotes":""},"class_list":["post-27354","page","type-page","status-publish","hentry"],"taxonomy_info":[],"featured_image_src_large":false,"author_info":{"display_name":"Gerhard Reus","author_link":"https:\/\/freewalkingtoursalzburg.com\/es\/author\/a4i54sdaf3434\/"},"comment_info":0,"meta_box":[],"_links":{"self":[{"href":"https:\/\/freewalkingtoursalzburg.com\/es\/wp-json\/wp\/v2\/pages\/27354","targetHints":{"allow":["GET"]}}],"collection":[{"href":"https:\/\/freewalkingtoursalzburg.com\/es\/wp-json\/wp\/v2\/pages"}],"about":[{"href":"https:\/\/freewalkingtoursalzburg.com\/es\/wp-json\/wp\/v2\/types\/page"}],"author":[{"embeddable":true,"href":"https:\/\/freewalkingtoursalzburg.com\/es\/wp-json\/wp\/v2\/users\/1"}],"replies":[{"embeddable":true,"href":"https:\/\/freewalkingtoursalzburg.com\/es\/wp-json\/wp\/v2\/comments?post=27354"}],"version-history":[{"count":0,"href":"https:\/\/freewalkingtoursalzburg.com\/es\/wp-json\/wp\/v2\/pages\/27354\/revisions"}],"wp:attachment":[{"href":"https:\/\/freewalkingtoursalzburg.com\/es\/wp-json\/wp\/v2\/media?parent=27354"}],"curies":[{"name":"wp","href":"https:\/\/api.w.org\/{rel}","templated":true}]}}